{"id":1320,"date":"2024-02-25T16:04:36","date_gmt":"2024-02-25T16:04:36","guid":{"rendered":"https:\/\/classicalme.com\/topics\/"},"modified":"2024-04-01T14:54:36","modified_gmt":"2024-04-01T14:54:36","slug":"forum","status":"publish","type":"page","link":"https:\/\/classicalme.com\/hu\/forum\/","title":{"rendered":"F\u00f3rum"},"content":{"rendered":"<p><ul class=\"ctdb-topic-table ctdb-topic-table-col-4\"><li class=\"ctdb-topic-table-header\"><ul class=\"ctdb-topic-table-row ctdb-topic-table-header-row\"><li class=\"ctdb-topic-table-item ctdb-topic-table-avatar\">&nbsp;<\/li><li class=\"ctdb-topic-table-item ctdb-topic-table-topic\">Topic<\/li><li class=\"ctdb-topic-table-item ctdb-topic-table-replies\">Replies<\/li><li class=\"ctdb-topic-table-item ctdb-topic-table-started\">Since<\/li><\/ul><!-- ctdb-topic-table-row --><\/li><!-- ctdb-topic-table-header --><li class=\"ctdb-topic-table-body\"><ul class=\"ctdb-topic-table-row\"><li class=\"ctdb-topic-table-item ctdb-topic-table-avatar\"><\/li><li class=\"ctdb-topic-table-item ctdb-topic-table-topic\"><p><a href=\"https:\/\/classicalme.com\/hu\/discussion-topics\/better-understanding-the-concept-of-polyphony\/\">Better understanding the concept of polyphony<\/a><\/p><div class=\"ctdb-excerpt\"><p>I've been grappling with understanding the concept of polyphony in classical music, particularly in the works of composers like Bach and Palestrina. Could anyone break down some key principles of polyphony and perhaps recommend...<\/p><p><a class=\"ctdb-button\" href=\"https:\/\/classicalme.com\/hu\/discussion-topics\/better-understanding-the-concept-of-polyphony\/\">Read More<\/a><\/p><\/div><!-- .ctdb-excerpt --><span class=\"ctdb-topic-table-posted-by\">Posted by: Madalina Nodea<\/span><div class=\"ctdb-topic-mobile-metafields\"><div>Replies: 0<\/div><div>Started: <time class=\"comment-timeago\" datetime=\"1970-01-01T00:00:00+00:00\">\u00e1prilis 18, 2024<\/time><\/div><\/div><\/li><li class=\"ctdb-topic-table-item ctdb-topic-table-replies\">0<\/li><li class=\"ctdb-topic-table-item ctdb-topic-table-started\"><time class=\"comment-timeago\" datetime=\"1970-01-01T00:00:00+00:00\">\u00e1prilis 18, 2024<\/time><\/li><\/ul><!-- ctdb-topic-table-row --><ul class=\"ctdb-topic-table-row\"><li class=\"ctdb-topic-table-item ctdb-topic-table-avatar\"><\/li><li class=\"ctdb-topic-table-item ctdb-topic-table-topic\"><p><a href=\"https:\/\/classicalme.com\/hu\/discussion-topics\/do-you-have-any-ideea-for-intesting-location-where-i-can-organise-a-concert\/\">Looking to organise a concert in Timisoara<\/a><\/p><div class=\"ctdb-excerpt\"><p>I want to organise a concert but I want to use a new concept for this, maybe an unconventional space. Do you have any suggestions that can help me out?\u00a0 Thanks<\/p><p><a class=\"ctdb-button\" href=\"https:\/\/classicalme.com\/hu\/discussion-topics\/do-you-have-any-ideea-for-intesting-location-where-i-can-organise-a-concert\/\">Read More<\/a><\/p><\/div><!-- .ctdb-excerpt --><span class=\"ctdb-topic-table-posted-by\">Posted by: Ovidiu Andris<\/span><div class=\"ctdb-topic-mobile-metafields\"><div>Replies: 4<\/div><div>Started: <time class=\"comment-timeago\" datetime=\"1970-01-01T00:00:00+00:00\">m\u00e1rcius 20, 2024<\/time><\/div><\/div><\/li><li class=\"ctdb-topic-table-item ctdb-topic-table-replies\">4<\/li><li class=\"ctdb-topic-table-item ctdb-topic-table-started\"><time class=\"comment-timeago\" datetime=\"1970-01-01T00:00:00+00:00\">m\u00e1rcius 20, 2024<\/time><\/li><\/ul><!-- ctdb-topic-table-row --><ul class=\"ctdb-topic-table-row\"><li class=\"ctdb-topic-table-item ctdb-topic-table-avatar\"><\/li><li class=\"ctdb-topic-table-item ctdb-topic-table-topic\"><p><a href=\"https:\/\/classicalme.com\/hu\/discussion-topics\/where-i-can-find-a-guarneri-violin\/\">Where i can find a good Guarneri type violin ?<\/a><\/p><div class=\"ctdb-excerpt\"><p>I am looking to buy a Guarneri-type violin, I currently have a Conrad G\u00f6tz Heritage Cantonate 136 Violin and I want an upgrade. Thanks\r\n\r\n\r\n\r\n\r\n\r\n<\/p><p><a class=\"ctdb-button\" href=\"https:\/\/classicalme.com\/hu\/discussion-topics\/where-i-can-find-a-guarneri-violin\/\">Read More<\/a><\/p><\/div><!-- .ctdb-excerpt --><span class=\"ctdb-topic-table-posted-by\">Posted by: Cristina Nagy<\/span><div class=\"ctdb-topic-mobile-metafields\"><div>Replies: 4<\/div><div>Started: <time class=\"comment-timeago\" datetime=\"1970-01-01T00:00:00+00:00\">m\u00e1rcius 20, 2024<\/time><\/div><\/div><\/li><li class=\"ctdb-topic-table-item ctdb-topic-table-replies\">4<\/li><li class=\"ctdb-topic-table-item ctdb-topic-table-started\"><time class=\"comment-timeago\" datetime=\"1970-01-01T00:00:00+00:00\">m\u00e1rcius 20, 2024<\/time><\/li><\/ul><!-- ctdb-topic-table-row --><\/li><!-- .ctdb-topic --><\/ul><!-- ctdb-topic-table-body --><ul class=\"ctdb-pagination\"><li class=\"prev\"><\/li><li class=\"next\"><\/li><\/ul> <a class=\"ctdb-new-topic-button\" href=\"https:\/\/classicalme.com\/hu\/forum\/new-topic\/\">Add new topic<\/a><\/p>","protected":false},"excerpt":{"rendered":"","protected":false},"author":1,"featured_media":0,"parent":0,"menu_order":0,"comment_status":"closed","ping_status":"closed","template":"template-topics.php","meta":{"_acf_changed":false,"inline_featured_image":false},"class_list":["post-1320","page","type-page","status-publish","hentry"],"acf":[],"yoast_head":"<!-- This site is optimized with the Yoast SEO plugin v26.6 - https:\/\/yoast.com\/wordpress\/plugins\/seo\/ -->\n<title>Forum - Classical Me<\/title>\n<meta name=\"robots\" content=\"index, follow, max-snippet:-1, max-image-preview:large, max-video-preview:-1\" \/>\n<link rel=\"canonical\" href=\"https:\/\/classicalme.com\/hu\/forum\/\" \/>\n<meta property=\"og:locale\" content=\"hu_HU\" \/>\n<meta property=\"og:type\" content=\"article\" \/>\n<meta property=\"og:title\" content=\"Forum - Classical Me\" \/>\n<meta property=\"og:url\" content=\"https:\/\/classicalme.com\/hu\/forum\/\" \/>\n<meta property=\"og:site_name\" content=\"Classical Me\" \/>\n<meta property=\"article:publisher\" content=\"https:\/\/www.facebook.com\/tribulartistic\" \/>\n<meta property=\"article:modified_time\" content=\"2024-04-01T14:54:36+00:00\" \/>\n<meta property=\"og:image\" content=\"https:\/\/classicalme.com\/wp-content\/uploads\/2022\/10\/post-01.png\" \/>\n\t<meta property=\"og:image:width\" content=\"2500\" \/>\n\t<meta property=\"og:image:height\" content=\"1309\" \/>\n\t<meta property=\"og:image:type\" content=\"image\/png\" \/>\n<meta name=\"twitter:card\" content=\"summary_large_image\" \/>\n<meta name=\"twitter:label1\" content=\"Becs\u00fclt olvas\u00e1si id\u0151\" \/>\n\t<meta name=\"twitter:data1\" content=\"1 perc\" \/>\n<script type=\"application\/ld+json\" class=\"yoast-schema-graph\">{\"@context\":\"https:\/\/schema.org\",\"@graph\":[{\"@type\":\"WebPage\",\"@id\":\"https:\/\/classicalme.com\/forum\/\",\"url\":\"https:\/\/classicalme.com\/forum\/\",\"name\":\"Forum - Classical Me\",\"isPartOf\":{\"@id\":\"https:\/\/classicalme.com\/#website\"},\"datePublished\":\"2024-02-25T16:04:36+00:00\",\"dateModified\":\"2024-04-01T14:54:36+00:00\",\"breadcrumb\":{\"@id\":\"https:\/\/classicalme.com\/forum\/#breadcrumb\"},\"inLanguage\":\"hu\",\"potentialAction\":[{\"@type\":\"ReadAction\",\"target\":[\"https:\/\/classicalme.com\/forum\/\"]}]},{\"@type\":\"BreadcrumbList\",\"@id\":\"https:\/\/classicalme.com\/forum\/#breadcrumb\",\"itemListElement\":[{\"@type\":\"ListItem\",\"position\":1,\"name\":\"Home\",\"item\":\"https:\/\/classicalme.com\/\"},{\"@type\":\"ListItem\",\"position\":2,\"name\":\"Forum\"}]},{\"@type\":\"WebSite\",\"@id\":\"https:\/\/classicalme.com\/#website\",\"url\":\"https:\/\/classicalme.com\/\",\"name\":\"Classical Me\",\"description\":\"\",\"publisher\":{\"@id\":\"https:\/\/classicalme.com\/#organization\"},\"potentialAction\":[{\"@type\":\"SearchAction\",\"target\":{\"@type\":\"EntryPoint\",\"urlTemplate\":\"https:\/\/classicalme.com\/?s={search_term_string}\"},\"query-input\":{\"@type\":\"PropertyValueSpecification\",\"valueRequired\":true,\"valueName\":\"search_term_string\"}}],\"inLanguage\":\"hu\"},{\"@type\":\"Organization\",\"@id\":\"https:\/\/classicalme.com\/#organization\",\"name\":\"Classical Me\",\"url\":\"https:\/\/classicalme.com\/\",\"logo\":{\"@type\":\"ImageObject\",\"inLanguage\":\"hu\",\"@id\":\"https:\/\/classicalme.com\/#\/schema\/logo\/image\/\",\"url\":\"https:\/\/classicalme.com\/wp-content\/uploads\/2022\/06\/favicon-1.png\",\"contentUrl\":\"https:\/\/classicalme.com\/wp-content\/uploads\/2022\/06\/favicon-1.png\",\"width\":512,\"height\":512,\"caption\":\"Classical Me\"},\"image\":{\"@id\":\"https:\/\/classicalme.com\/#\/schema\/logo\/image\/\"},\"sameAs\":[\"https:\/\/www.facebook.com\/tribulartistic\",\"https:\/\/www.instagram.com\/tribulartistic\/\"]}]}<\/script>\n<!-- \/ Yoast SEO plugin. -->","yoast_head_json":{"title":"Forum - Classical Me","robots":{"index":"index","follow":"follow","max-snippet":"max-snippet:-1","max-image-preview":"max-image-preview:large","max-video-preview":"max-video-preview:-1"},"canonical":"https:\/\/classicalme.com\/hu\/forum\/","og_locale":"hu_HU","og_type":"article","og_title":"Forum - Classical Me","og_url":"https:\/\/classicalme.com\/hu\/forum\/","og_site_name":"Classical Me","article_publisher":"https:\/\/www.facebook.com\/tribulartistic","article_modified_time":"2024-04-01T14:54:36+00:00","og_image":[{"width":2500,"height":1309,"url":"https:\/\/classicalme.com\/wp-content\/uploads\/2022\/10\/post-01.png","type":"image\/png"}],"twitter_card":"summary_large_image","twitter_misc":{"Becs\u00fclt olvas\u00e1si id\u0151":"1 perc"},"schema":{"@context":"https:\/\/schema.org","@graph":[{"@type":"WebPage","@id":"https:\/\/classicalme.com\/forum\/","url":"https:\/\/classicalme.com\/forum\/","name":"Forum - Classical Me","isPartOf":{"@id":"https:\/\/classicalme.com\/#website"},"datePublished":"2024-02-25T16:04:36+00:00","dateModified":"2024-04-01T14:54:36+00:00","breadcrumb":{"@id":"https:\/\/classicalme.com\/forum\/#breadcrumb"},"inLanguage":"hu","potentialAction":[{"@type":"ReadAction","target":["https:\/\/classicalme.com\/forum\/"]}]},{"@type":"BreadcrumbList","@id":"https:\/\/classicalme.com\/forum\/#breadcrumb","itemListElement":[{"@type":"ListItem","position":1,"name":"Home","item":"https:\/\/classicalme.com\/"},{"@type":"ListItem","position":2,"name":"Forum"}]},{"@type":"WebSite","@id":"https:\/\/classicalme.com\/#website","url":"https:\/\/classicalme.com\/","name":"Classical Me","description":"","publisher":{"@id":"https:\/\/classicalme.com\/#organization"},"potentialAction":[{"@type":"SearchAction","target":{"@type":"EntryPoint","urlTemplate":"https:\/\/classicalme.com\/?s={search_term_string}"},"query-input":{"@type":"PropertyValueSpecification","valueRequired":true,"valueName":"search_term_string"}}],"inLanguage":"hu"},{"@type":"Organization","@id":"https:\/\/classicalme.com\/#organization","name":"Classical Me","url":"https:\/\/classicalme.com\/","logo":{"@type":"ImageObject","inLanguage":"hu","@id":"https:\/\/classicalme.com\/#\/schema\/logo\/image\/","url":"https:\/\/classicalme.com\/wp-content\/uploads\/2022\/06\/favicon-1.png","contentUrl":"https:\/\/classicalme.com\/wp-content\/uploads\/2022\/06\/favicon-1.png","width":512,"height":512,"caption":"Classical Me"},"image":{"@id":"https:\/\/classicalme.com\/#\/schema\/logo\/image\/"},"sameAs":["https:\/\/www.facebook.com\/tribulartistic","https:\/\/www.instagram.com\/tribulartistic\/"]}]}},"_links":{"self":[{"href":"https:\/\/classicalme.com\/hu\/wp-json\/wp\/v2\/pages\/1320","targetHints":{"allow":["GET"]}}],"collection":[{"href":"https:\/\/classicalme.com\/hu\/wp-json\/wp\/v2\/pages"}],"about":[{"href":"https:\/\/classicalme.com\/hu\/wp-json\/wp\/v2\/types\/page"}],"author":[{"embeddable":true,"href":"https:\/\/classicalme.com\/hu\/wp-json\/wp\/v2\/users\/1"}],"replies":[{"embeddable":true,"href":"https:\/\/classicalme.com\/hu\/wp-json\/wp\/v2\/comments?post=1320"}],"version-history":[{"count":5,"href":"https:\/\/classicalme.com\/hu\/wp-json\/wp\/v2\/pages\/1320\/revisions"}],"predecessor-version":[{"id":1493,"href":"https:\/\/classicalme.com\/hu\/wp-json\/wp\/v2\/pages\/1320\/revisions\/1493"}],"wp:attachment":[{"href":"https:\/\/classicalme.com\/hu\/wp-json\/wp\/v2\/media?parent=1320"}],"curies":[{"name":"wp","href":"https:\/\/api.w.org\/{rel}","templated":true}]}}