{"id":1667,"date":"2025-08-28T12:34:46","date_gmt":"2025-08-28T12:34:46","guid":{"rendered":"https:\/\/classicalme.com\/?page_id=1667"},"modified":"2025-10-28T12:16:06","modified_gmt":"2025-10-28T12:16:06","slug":"summit-2025","status":"publish","type":"page","link":"https:\/\/classicalme.com\/hu\/","title":{"rendered":"Summit 2025"},"content":{"rendered":"","protected":false},"excerpt":{"rendered":"","protected":false},"author":1,"featured_media":0,"parent":0,"menu_order":0,"comment_status":"closed","ping_status":"closed","template":"template-edition-2025.php","meta":{"_acf_changed":false,"inline_featured_image":false},"class_list":["post-1667","page","type-page","status-publish","hentry"],"acf":[],"yoast_head":"<!-- This site is optimized with the Yoast SEO plugin v26.6 - https:\/\/yoast.com\/wordpress\/plugins\/seo\/ -->\n<title>Summit 2025 - Classical Me<\/title>\n<meta name=\"description\" content=\"The 2025 edition of Classical ME, taking place on November 1\u20132 at the Senate Hall of UPT in Lloyd Palace, focuses on the theme \u201cNext Generation\u201d, highlighting the urgent need to prepare and integrate emerging talent into the classical music sector.\" \/>\n<meta name=\"robots\" content=\"index, follow, max-snippet:-1, max-image-preview:large, max-video-preview:-1\" \/>\n<link rel=\"canonical\" href=\"https:\/\/classicalme.com\/hu\/\" \/>\n<meta property=\"og:locale\" content=\"hu_HU\" \/>\n<meta property=\"og:type\" content=\"article\" \/>\n<meta property=\"og:title\" content=\"Summit 2025 - Classical Me\" \/>\n<meta property=\"og:description\" content=\"The 2025 edition of Classical ME, taking place on November 1\u20132 at the Senate Hall of UPT in Lloyd Palace, focuses on the theme \u201cNext Generation\u201d, highlighting the urgent need to prepare and integrate emerging talent into the classical music sector.\" \/>\n<meta property=\"og:url\" content=\"https:\/\/classicalme.com\/hu\/\" \/>\n<meta property=\"og:site_name\" content=\"Classical Me\" \/>\n<meta property=\"article:publisher\" content=\"https:\/\/www.facebook.com\/tribulartistic\" \/>\n<meta property=\"article:modified_time\" content=\"2025-10-28T12:16:06+00:00\" \/>\n<meta property=\"og:image\" content=\"https:\/\/classicalme.com\/wp-content\/uploads\/2022\/10\/post-01.png\" \/>\n\t<meta property=\"og:image:width\" content=\"2500\" \/>\n\t<meta property=\"og:image:height\" content=\"1309\" \/>\n\t<meta property=\"og:image:type\" content=\"image\/png\" \/>\n<meta name=\"twitter:card\" content=\"summary_large_image\" \/>\n<meta name=\"twitter:label1\" content=\"Becs\u00fclt olvas\u00e1si id\u0151\" \/>\n\t<meta name=\"twitter:data1\" content=\"6 perc\" \/>\n<script type=\"application\/ld+json\" class=\"yoast-schema-graph\">{\"@context\":\"https:\/\/schema.org\",\"@graph\":[{\"@type\":\"WebPage\",\"@id\":\"https:\/\/classicalme.com\/\",\"url\":\"https:\/\/classicalme.com\/\",\"name\":\"Summit 2025 - Classical Me\",\"isPartOf\":{\"@id\":\"https:\/\/classicalme.com\/#website\"},\"datePublished\":\"2025-08-28T12:34:46+00:00\",\"dateModified\":\"2025-10-28T12:16:06+00:00\",\"description\":\"The 2025 edition of Classical ME, taking place on November 1\u20132 at the Senate Hall of UPT in Lloyd Palace, focuses on the theme \u201cNext Generation\u201d, highlighting the urgent need to prepare and integrate emerging talent into the classical music sector.\",\"breadcrumb\":{\"@id\":\"https:\/\/classicalme.com\/#breadcrumb\"},\"inLanguage\":\"hu\",\"potentialAction\":[{\"@type\":\"ReadAction\",\"target\":[\"https:\/\/classicalme.com\/\"]}]},{\"@type\":\"BreadcrumbList\",\"@id\":\"https:\/\/classicalme.com\/#breadcrumb\",\"itemListElement\":[{\"@type\":\"ListItem\",\"position\":1,\"name\":\"Home\",\"item\":\"https:\/\/classicalme.com\/\"},{\"@type\":\"ListItem\",\"position\":2,\"name\":\"Summit 2025\"}]},{\"@type\":\"WebSite\",\"@id\":\"https:\/\/classicalme.com\/#website\",\"url\":\"https:\/\/classicalme.com\/\",\"name\":\"Classical Me\",\"description\":\"\",\"publisher\":{\"@id\":\"https:\/\/classicalme.com\/#organization\"},\"potentialAction\":[{\"@type\":\"SearchAction\",\"target\":{\"@type\":\"EntryPoint\",\"urlTemplate\":\"https:\/\/classicalme.com\/?s={search_term_string}\"},\"query-input\":{\"@type\":\"PropertyValueSpecification\",\"valueRequired\":true,\"valueName\":\"search_term_string\"}}],\"inLanguage\":\"hu\"},{\"@type\":\"Organization\",\"@id\":\"https:\/\/classicalme.com\/#organization\",\"name\":\"Classical Me\",\"url\":\"https:\/\/classicalme.com\/\",\"logo\":{\"@type\":\"ImageObject\",\"inLanguage\":\"hu\",\"@id\":\"https:\/\/classicalme.com\/#\/schema\/logo\/image\/\",\"url\":\"https:\/\/classicalme.com\/wp-content\/uploads\/2022\/06\/favicon-1.png\",\"contentUrl\":\"https:\/\/classicalme.com\/wp-content\/uploads\/2022\/06\/favicon-1.png\",\"width\":512,\"height\":512,\"caption\":\"Classical Me\"},\"image\":{\"@id\":\"https:\/\/classicalme.com\/#\/schema\/logo\/image\/\"},\"sameAs\":[\"https:\/\/www.facebook.com\/tribulartistic\",\"https:\/\/www.instagram.com\/tribulartistic\/\"]}]}<\/script>\n<!-- \/ Yoast SEO plugin. -->","yoast_head_json":{"title":"Summit 2025 - Classical Me","description":"The 2025 edition of Classical ME, taking place on November 1\u20132 at the Senate Hall of UPT in Lloyd Palace, focuses on the theme \u201cNext Generation\u201d, highlighting the urgent need to prepare and integrate emerging talent into the classical music sector.","robots":{"index":"index","follow":"follow","max-snippet":"max-snippet:-1","max-image-preview":"max-image-preview:large","max-video-preview":"max-video-preview:-1"},"canonical":"https:\/\/classicalme.com\/hu\/","og_locale":"hu_HU","og_type":"article","og_title":"Summit 2025 - Classical Me","og_description":"The 2025 edition of Classical ME, taking place on November 1\u20132 at the Senate Hall of UPT in Lloyd Palace, focuses on the theme \u201cNext Generation\u201d, highlighting the urgent need to prepare and integrate emerging talent into the classical music sector.","og_url":"https:\/\/classicalme.com\/hu\/","og_site_name":"Classical Me","article_publisher":"https:\/\/www.facebook.com\/tribulartistic","article_modified_time":"2025-10-28T12:16:06+00:00","og_image":[{"width":2500,"height":1309,"url":"https:\/\/classicalme.com\/wp-content\/uploads\/2022\/10\/post-01.png","type":"image\/png"}],"twitter_card":"summary_large_image","twitter_misc":{"Becs\u00fclt olvas\u00e1si id\u0151":"6 perc"},"schema":{"@context":"https:\/\/schema.org","@graph":[{"@type":"WebPage","@id":"https:\/\/classicalme.com\/","url":"https:\/\/classicalme.com\/","name":"Summit 2025 - Classical Me","isPartOf":{"@id":"https:\/\/classicalme.com\/#website"},"datePublished":"2025-08-28T12:34:46+00:00","dateModified":"2025-10-28T12:16:06+00:00","description":"The 2025 edition of Classical ME, taking place on November 1\u20132 at the Senate Hall of UPT in Lloyd Palace, focuses on the theme \u201cNext Generation\u201d, highlighting the urgent need to prepare and integrate emerging talent into the classical music sector.","breadcrumb":{"@id":"https:\/\/classicalme.com\/#breadcrumb"},"inLanguage":"hu","potentialAction":[{"@type":"ReadAction","target":["https:\/\/classicalme.com\/"]}]},{"@type":"BreadcrumbList","@id":"https:\/\/classicalme.com\/#breadcrumb","itemListElement":[{"@type":"ListItem","position":1,"name":"Home","item":"https:\/\/classicalme.com\/"},{"@type":"ListItem","position":2,"name":"Summit 2025"}]},{"@type":"WebSite","@id":"https:\/\/classicalme.com\/#website","url":"https:\/\/classicalme.com\/","name":"Classical Me","description":"","publisher":{"@id":"https:\/\/classicalme.com\/#organization"},"potentialAction":[{"@type":"SearchAction","target":{"@type":"EntryPoint","urlTemplate":"https:\/\/classicalme.com\/?s={search_term_string}"},"query-input":{"@type":"PropertyValueSpecification","valueRequired":true,"valueName":"search_term_string"}}],"inLanguage":"hu"},{"@type":"Organization","@id":"https:\/\/classicalme.com\/#organization","name":"Classical Me","url":"https:\/\/classicalme.com\/","logo":{"@type":"ImageObject","inLanguage":"hu","@id":"https:\/\/classicalme.com\/#\/schema\/logo\/image\/","url":"https:\/\/classicalme.com\/wp-content\/uploads\/2022\/06\/favicon-1.png","contentUrl":"https:\/\/classicalme.com\/wp-content\/uploads\/2022\/06\/favicon-1.png","width":512,"height":512,"caption":"Classical Me"},"image":{"@id":"https:\/\/classicalme.com\/#\/schema\/logo\/image\/"},"sameAs":["https:\/\/www.facebook.com\/tribulartistic","https:\/\/www.instagram.com\/tribulartistic\/"]}]}},"_links":{"self":[{"href":"https:\/\/classicalme.com\/hu\/wp-json\/wp\/v2\/pages\/1667","targetHints":{"allow":["GET"]}}],"collection":[{"href":"https:\/\/classicalme.com\/hu\/wp-json\/wp\/v2\/pages"}],"about":[{"href":"https:\/\/classicalme.com\/hu\/wp-json\/wp\/v2\/types\/page"}],"author":[{"embeddable":true,"href":"https:\/\/classicalme.com\/hu\/wp-json\/wp\/v2\/users\/1"}],"replies":[{"embeddable":true,"href":"https:\/\/classicalme.com\/hu\/wp-json\/wp\/v2\/comments?post=1667"}],"version-history":[{"count":11,"href":"https:\/\/classicalme.com\/hu\/wp-json\/wp\/v2\/pages\/1667\/revisions"}],"predecessor-version":[{"id":1698,"href":"https:\/\/classicalme.com\/hu\/wp-json\/wp\/v2\/pages\/1667\/revisions\/1698"}],"wp:attachment":[{"href":"https:\/\/classicalme.com\/hu\/wp-json\/wp\/v2\/media?parent=1667"}],"curies":[{"name":"wp","href":"https:\/\/api.w.org\/{rel}","templated":true}]}}