{"id":629,"date":"2023-05-21T16:28:53","date_gmt":"2023-05-21T16:28:53","guid":{"rendered":"https:\/\/classicalme.com\/?page_id=629"},"modified":"2024-03-12T22:34:25","modified_gmt":"2024-03-12T22:34:25","slug":"publications","status":"publish","type":"page","link":"https:\/\/classicalme.com\/hu\/publications\/","title":{"rendered":"Kiadv\u00e1nyok"},"content":{"rendered":"","protected":false},"excerpt":{"rendered":"","protected":false},"author":1,"featured_media":0,"parent":0,"menu_order":0,"comment_status":"closed","ping_status":"closed","template":"template-posts-listing.php","meta":{"_acf_changed":false,"inline_featured_image":false},"class_list":["post-629","page","type-page","status-publish","hentry"],"acf":[],"yoast_head":"<!-- This site is optimized with the Yoast SEO plugin v26.6 - https:\/\/yoast.com\/wordpress\/plugins\/seo\/ -->\n<title>Publications - Classical Me<\/title>\n<meta name=\"robots\" content=\"index, follow, max-snippet:-1, max-image-preview:large, max-video-preview:-1\" \/>\n<link rel=\"canonical\" href=\"https:\/\/classicalme.com\/hu\/publications\/\" \/>\n<meta property=\"og:locale\" content=\"hu_HU\" \/>\n<meta property=\"og:type\" content=\"article\" \/>\n<meta property=\"og:title\" content=\"Publications - Classical Me\" \/>\n<meta property=\"og:url\" content=\"https:\/\/classicalme.com\/hu\/publications\/\" \/>\n<meta property=\"og:site_name\" content=\"Classical Me\" \/>\n<meta property=\"article:publisher\" content=\"https:\/\/www.facebook.com\/tribulartistic\" \/>\n<meta property=\"article:modified_time\" content=\"2024-03-12T22:34:25+00:00\" \/>\n<meta property=\"og:image\" content=\"https:\/\/classicalme.com\/wp-content\/uploads\/2022\/10\/post-01.png\" \/>\n\t<meta property=\"og:image:width\" content=\"2500\" \/>\n\t<meta property=\"og:image:height\" content=\"1309\" \/>\n\t<meta property=\"og:image:type\" content=\"image\/png\" \/>\n<meta name=\"twitter:card\" content=\"summary_large_image\" \/>\n<meta name=\"twitter:label1\" content=\"Becs\u00fclt olvas\u00e1si id\u0151\" \/>\n\t<meta name=\"twitter:data1\" content=\"1 perc\" \/>\n<script type=\"application\/ld+json\" class=\"yoast-schema-graph\">{\"@context\":\"https:\/\/schema.org\",\"@graph\":[{\"@type\":\"WebPage\",\"@id\":\"https:\/\/classicalme.com\/publications\/\",\"url\":\"https:\/\/classicalme.com\/publications\/\",\"name\":\"Publications - Classical Me\",\"isPartOf\":{\"@id\":\"https:\/\/classicalme.com\/#website\"},\"datePublished\":\"2023-05-21T16:28:53+00:00\",\"dateModified\":\"2024-03-12T22:34:25+00:00\",\"breadcrumb\":{\"@id\":\"https:\/\/classicalme.com\/publications\/#breadcrumb\"},\"inLanguage\":\"hu\",\"potentialAction\":[{\"@type\":\"ReadAction\",\"target\":[\"https:\/\/classicalme.com\/publications\/\"]}]},{\"@type\":\"BreadcrumbList\",\"@id\":\"https:\/\/classicalme.com\/publications\/#breadcrumb\",\"itemListElement\":[{\"@type\":\"ListItem\",\"position\":1,\"name\":\"Home\",\"item\":\"https:\/\/classicalme.com\/\"},{\"@type\":\"ListItem\",\"position\":2,\"name\":\"Publications\"}]},{\"@type\":\"WebSite\",\"@id\":\"https:\/\/classicalme.com\/#website\",\"url\":\"https:\/\/classicalme.com\/\",\"name\":\"Classical Me\",\"description\":\"\",\"publisher\":{\"@id\":\"https:\/\/classicalme.com\/#organization\"},\"potentialAction\":[{\"@type\":\"SearchAction\",\"target\":{\"@type\":\"EntryPoint\",\"urlTemplate\":\"https:\/\/classicalme.com\/?s={search_term_string}\"},\"query-input\":{\"@type\":\"PropertyValueSpecification\",\"valueRequired\":true,\"valueName\":\"search_term_string\"}}],\"inLanguage\":\"hu\"},{\"@type\":\"Organization\",\"@id\":\"https:\/\/classicalme.com\/#organization\",\"name\":\"Classical Me\",\"url\":\"https:\/\/classicalme.com\/\",\"logo\":{\"@type\":\"ImageObject\",\"inLanguage\":\"hu\",\"@id\":\"https:\/\/classicalme.com\/#\/schema\/logo\/image\/\",\"url\":\"https:\/\/classicalme.com\/wp-content\/uploads\/2022\/06\/favicon-1.png\",\"contentUrl\":\"https:\/\/classicalme.com\/wp-content\/uploads\/2022\/06\/favicon-1.png\",\"width\":512,\"height\":512,\"caption\":\"Classical Me\"},\"image\":{\"@id\":\"https:\/\/classicalme.com\/#\/schema\/logo\/image\/\"},\"sameAs\":[\"https:\/\/www.facebook.com\/tribulartistic\",\"https:\/\/www.instagram.com\/tribulartistic\/\"]}]}<\/script>\n<!-- \/ Yoast SEO plugin. -->","yoast_head_json":{"title":"Publications - Classical Me","robots":{"index":"index","follow":"follow","max-snippet":"max-snippet:-1","max-image-preview":"max-image-preview:large","max-video-preview":"max-video-preview:-1"},"canonical":"https:\/\/classicalme.com\/hu\/publications\/","og_locale":"hu_HU","og_type":"article","og_title":"Publications - Classical Me","og_url":"https:\/\/classicalme.com\/hu\/publications\/","og_site_name":"Classical Me","article_publisher":"https:\/\/www.facebook.com\/tribulartistic","article_modified_time":"2024-03-12T22:34:25+00:00","og_image":[{"width":2500,"height":1309,"url":"https:\/\/classicalme.com\/wp-content\/uploads\/2022\/10\/post-01.png","type":"image\/png"}],"twitter_card":"summary_large_image","twitter_misc":{"Becs\u00fclt olvas\u00e1si id\u0151":"1 perc"},"schema":{"@context":"https:\/\/schema.org","@graph":[{"@type":"WebPage","@id":"https:\/\/classicalme.com\/publications\/","url":"https:\/\/classicalme.com\/publications\/","name":"Publications - Classical Me","isPartOf":{"@id":"https:\/\/classicalme.com\/#website"},"datePublished":"2023-05-21T16:28:53+00:00","dateModified":"2024-03-12T22:34:25+00:00","breadcrumb":{"@id":"https:\/\/classicalme.com\/publications\/#breadcrumb"},"inLanguage":"hu","potentialAction":[{"@type":"ReadAction","target":["https:\/\/classicalme.com\/publications\/"]}]},{"@type":"BreadcrumbList","@id":"https:\/\/classicalme.com\/publications\/#breadcrumb","itemListElement":[{"@type":"ListItem","position":1,"name":"Home","item":"https:\/\/classicalme.com\/"},{"@type":"ListItem","position":2,"name":"Publications"}]},{"@type":"WebSite","@id":"https:\/\/classicalme.com\/#website","url":"https:\/\/classicalme.com\/","name":"Classical Me","description":"","publisher":{"@id":"https:\/\/classicalme.com\/#organization"},"potentialAction":[{"@type":"SearchAction","target":{"@type":"EntryPoint","urlTemplate":"https:\/\/classicalme.com\/?s={search_term_string}"},"query-input":{"@type":"PropertyValueSpecification","valueRequired":true,"valueName":"search_term_string"}}],"inLanguage":"hu"},{"@type":"Organization","@id":"https:\/\/classicalme.com\/#organization","name":"Classical Me","url":"https:\/\/classicalme.com\/","logo":{"@type":"ImageObject","inLanguage":"hu","@id":"https:\/\/classicalme.com\/#\/schema\/logo\/image\/","url":"https:\/\/classicalme.com\/wp-content\/uploads\/2022\/06\/favicon-1.png","contentUrl":"https:\/\/classicalme.com\/wp-content\/uploads\/2022\/06\/favicon-1.png","width":512,"height":512,"caption":"Classical Me"},"image":{"@id":"https:\/\/classicalme.com\/#\/schema\/logo\/image\/"},"sameAs":["https:\/\/www.facebook.com\/tribulartistic","https:\/\/www.instagram.com\/tribulartistic\/"]}]}},"_links":{"self":[{"href":"https:\/\/classicalme.com\/hu\/wp-json\/wp\/v2\/pages\/629","targetHints":{"allow":["GET"]}}],"collection":[{"href":"https:\/\/classicalme.com\/hu\/wp-json\/wp\/v2\/pages"}],"about":[{"href":"https:\/\/classicalme.com\/hu\/wp-json\/wp\/v2\/types\/page"}],"author":[{"embeddable":true,"href":"https:\/\/classicalme.com\/hu\/wp-json\/wp\/v2\/users\/1"}],"replies":[{"embeddable":true,"href":"https:\/\/classicalme.com\/hu\/wp-json\/wp\/v2\/comments?post=629"}],"version-history":[{"count":4,"href":"https:\/\/classicalme.com\/hu\/wp-json\/wp\/v2\/pages\/629\/revisions"}],"predecessor-version":[{"id":1374,"href":"https:\/\/classicalme.com\/hu\/wp-json\/wp\/v2\/pages\/629\/revisions\/1374"}],"wp:attachment":[{"href":"https:\/\/classicalme.com\/hu\/wp-json\/wp\/v2\/media?parent=629"}],"curies":[{"name":"wp","href":"https:\/\/api.w.org\/{rel}","templated":true}]}}